{"id":108,"date":"2022-06-05T09:37:57","date_gmt":"2022-06-05T06:37:57","guid":{"rendered":"http:\/\/codex-themes.com\/thegem\/sites\/thegym\/?page_id=108"},"modified":"2024-12-17T22:10:15","modified_gmt":"2024-12-17T19:10:15","slug":"contact","status":"publish","type":"page","link":"https:\/\/aegis.com.tr\/tr\/contact\/","title":{"rendered":"Bize Ula\u015f\u0131n"},"content":{"rendered":"<div class=\"wpb-content-wrapper\"><div class=\"vc_row-full-width-before\"><\/div><div id=\"vc_row-69ea1a90e05de\" data-vc-full-width=\"true\" data-vc-full-width-init=\"false\" class=\"vc_row wpb_row vc_row-fluid vc_custom_1656643180047 thegem-custom-69ea1a90e05c86392 vc_row-o-content-middle vc_row-flex\"><script type=\"text\/javascript\">if (typeof(gem_fix_fullwidth_position) == \"function\") { gem_fix_fullwidth_position(document.getElementById(\"vc_row-69ea1a90e05de\")); }<\/script>\n<style>\n#vc_row-69ea1a90e05de .gem-textbox {\n    margin-bottom: 0;\n}\n#vc_row-69ea1a90e05de .gem-button-size-large{\n    min-width: 356px;\n}\n@media (max-width: 480px){\n   #vc_row-69ea1a90e05de .gem-button-size-large{\n        font-size: 14px;\n        min-width: 276px;\n        margin: 30px 0px;\n   }\n   #vc_row-69ea1a90e05de .gem-button-size-large .gem-print-icon {\n        font-size: 28px;\n   }\n}\n<\/style>\n<div class=\"wpb_column vc_column_container vc_col-sm-12 vc_col-lg-12 thegem-custom-69ea1a90e09a88918\" ><div class=\"vc_column-inner thegem-custom-inner-69ea1a90e09aa vc_custom_1587645970139\"><div class=\"wpb_wrapper thegem-custom-69ea1a90e09a88918\"><div class=\"gem-textbox  centered-box\"  ><div class=\"gem-textbox-inner\" style=\"\"><div class=\"gem-textbox-content\" style=\"background-position: center top;padding-top: 0px;padding-bottom: 0px;padding-left: 0px;padding-right: 0px;\"><div class=\"clearboth\"><\/div><style>#thegem-divider-69ea1a90e0bc6 {margin-top: 20px !important;}<\/style><div id=\"thegem-divider-69ea1a90e0bc6\" class=\"gem-divider\" style=\"\" ><\/div><\/div><\/div><\/div><\/div><\/div><\/div><\/div><div class=\"vc_row-full-width vc_clearfix\"><\/div><div class=\"vc_row-full-width-before\"><\/div><div id=\"vc_row-69ea1a90e0fd8\" data-vc-full-width=\"true\" data-vc-full-width-init=\"false\" data-vc-stretch-content=\"true\" class=\"vc_row wpb_row vc_row-fluid vc_custom_1512129357196 thegem-custom-69ea1a90e0fc69196 vc_row-no-padding vc_row-o-equal-height vc_row-o-content-middle vc_row-flex\"><script type=\"text\/javascript\">if (typeof(gem_fix_fullwidth_position) == \"function\") { gem_fix_fullwidth_position(document.getElementById(\"vc_row-69ea1a90e0fd8\")); }<\/script><div class=\"wpb_animate_when_almost_visible wpb_appear appear wpb_column vc_column_container vc_col-sm-6 thegem-custom-69ea1a90e12e44112 vc_col-has-fill\" ><div class=\"vc_column-inner thegem-custom-inner-69ea1a90e12e6 vc_custom_1668670998424\"><div class=\"wpb_wrapper thegem-custom-69ea1a90e12e44112\"><div class=\"clearboth\"><\/div><style>#thegem-divider-69ea1a90e137b {margin-top: 40px !important;}<\/style><div id=\"thegem-divider-69ea1a90e137b\" class=\"gem-divider\" style=\"\" ><\/div><\/div><\/div><\/div><div class=\"no-mobile-gaps wpb_animate_when_almost_visible wpb_bottom-to-top bottom-to-top wpb_column vc_column_container vc_col-sm-6 thegem-custom-69ea1a90e162c9892 disable-custom-paggings-tablet disable-custom-paggings-mobile\" ><div class=\"vc_column-inner thegem-custom-inner-69ea1a90e162e vc_custom_1543847219101\"><div class=\"wpb_wrapper thegem-custom-69ea1a90e162c9892\">\r\n\t\r\n\t\t<div class=\"wpb_text_column wpb_content_element  thegem-vc-text thegem-custom-69ea1a90e18597749\"  >\r\n\t\t\t<div class=\"wpb_wrapper\">\r\n\t\t\t\t<div class=\"title-h1\"><span style=\"color: #112444;\">Bize bir mesaj yaz\u0131n<\/span><\/div>\n\r\n\t\t\t<\/div>\r\n\t\t\t<style>@media screen and (max-width: 1023px) {.thegem-vc-text.thegem-custom-69ea1a90e18597749{display: block!important;}}@media screen and (max-width: 767px) {.thegem-vc-text.thegem-custom-69ea1a90e18597749{display: block!important;}}@media screen and (max-width: 1023px) {.thegem-vc-text.thegem-custom-69ea1a90e18597749{position: relative !important;}}@media screen and (max-width: 767px) {.thegem-vc-text.thegem-custom-69ea1a90e18597749{position: relative !important;}}<\/style>\r\n\t\t<\/div>\r\n\t\r\n<div class=\"clearboth\"><\/div><style>#thegem-divider-69ea1a90e18ff {margin-top: 50px !important;}<\/style><div id=\"thegem-divider-69ea1a90e18ff\" class=\"gem-divider\" style=\"\" ><\/div>\n<div class=\"wpcf7 no-js\" id=\"wpcf7-f1881-o1\" lang=\"en-US\" dir=\"ltr\" data-wpcf7-id=\"1881\">\n<div class=\"screen-reader-response\"><p role=\"status\" aria-live=\"polite\" aria-atomic=\"true\"><\/p> <ul><\/ul><\/div>\n<form action=\"\/tr\/wp-json\/wp\/v2\/pages\/108#wpcf7-f1881-o1\" method=\"post\" class=\"wpcf7-form init gem-contact-form-white\" aria-label=\"Contact form\" novalidate=\"novalidate\" data-status=\"init\" data-trp-original-action=\"\/tr\/wp-json\/wp\/v2\/pages\/108#wpcf7-f1881-o1\">\n<fieldset class=\"hidden-fields-container\"><input type=\"hidden\" name=\"_wpcf7\" value=\"1881\" \/><input type=\"hidden\" name=\"_wpcf7_version\" value=\"6.1.2\" \/><input type=\"hidden\" name=\"_wpcf7_locale\" value=\"en_US\" \/><input type=\"hidden\" name=\"_wpcf7_unit_tag\" value=\"wpcf7-f1881-o1\" \/><input type=\"hidden\" name=\"_wpcf7_container_post\" value=\"0\" \/><input type=\"hidden\" name=\"_wpcf7_posted_data_hash\" value=\"\" \/>\n<\/fieldset>\n<label> \u0130sim-Soyisim\n    <span class=\"wpcf7-form-control-wrap\" data-name=\"your-name\"><input size=\"40\" maxlength=\"400\" class=\"wpcf7-form-control wpcf7-text wpcf7-validates-as-required\" aria-required=\"true\" aria-invalid=\"false\" value=\"\" type=\"text\" name=\"your-name\" \/><\/span> <\/label>\n\n<label> Mail\n    <span class=\"wpcf7-form-control-wrap\" data-name=\"your-email\"><input size=\"40\" maxlength=\"400\" class=\"wpcf7-form-control wpcf7-email wpcf7-validates-as-required wpcf7-text wpcf7-validates-as-email\" aria-required=\"true\" aria-invalid=\"false\" value=\"\" type=\"email\" name=\"your-email\" \/><\/span> <\/label>\n\n<label> Konu\n    <span class=\"wpcf7-form-control-wrap\" data-name=\"your-subject\"><input size=\"40\" maxlength=\"400\" class=\"wpcf7-form-control wpcf7-text wpcf7-validates-as-required\" aria-required=\"true\" aria-invalid=\"false\" value=\"\" type=\"text\" name=\"your-subject\" \/><\/span> <\/label>\n\n<label> Mesaj\u0131n\u0131z\n    <span class=\"wpcf7-form-control-wrap\" data-name=\"your-message\"><textarea cols=\"40\" rows=\"10\" maxlength=\"2000\" class=\"wpcf7-form-control wpcf7-textarea\" aria-invalid=\"false\" name=\"your-message\"><\/textarea><\/span> <\/label>\n\n<span class=\"wpcf7-form-control-wrap\" data-name=\"privacypolicy\"><span class=\"wpcf7-form-control wpcf7-acceptance\"><span class=\"wpcf7-list-item\"><label><input type=\"checkbox\" name=\"privacypolicy\" value=\"1\" aria-invalid=\"false\" \/><span class=\"wpcf7-list-item-label\">- <a href=\"https:\/\/aegis.com.tr\/privacy-policy\/\">G\u0130ZL\u0130L\u0130K POL\u0130T\u0130KASI<\/a> okudum ve kabul\u00a0ediyorum.<\/span><\/label><\/span><\/span><\/span>\n\n\n<style type=\"text\/css\">.thegem-button-69ea1a90e2c555288 .gem-button svg {fill: #ffffff;}.thegem-button-69ea1a90e2c555288 .gem-button:hover svg {fill: #ffffff;}<\/style><div class=\"gem-button-container gem-button-position-fullwidth thegem-button-69ea1a90e2c555288\"  ><input class=\"gem-button gem-button-size-medium gem-button-style-flat gem-button-text-weight-normal wpcf7-form-control wpcf7-submit has-spinner gem-button-wpcf-custom\" data-ll-effect=\"drop-right-without-wrap\" style=\"border-radius: 5px;background-color: #F9C04CFF;color: #ffffff;\" onmouseleave=\"this.style.backgroundColor='#F9C04CFF';this.style.color='#ffffff';\" onmouseenter=\"this.style.backgroundColor='#112444FF';this.style.color='#ffffff';\" id=\"\" tabindex=\"\" type=\"submit\" value=\"Mesaj\u0131 g\u00f6nder\" \/><\/div> <div class=\"wpcf7-response-output\" aria-hidden=\"true\"><\/div>\n<input type=\"hidden\" name=\"trp-form-language\" value=\"tr\"\/><\/form>\n<\/div>\n<\/div><\/div><\/div><\/div><div class=\"vc_row-full-width vc_clearfix\"><\/div><div class=\"vc_row-full-width-before\"><\/div><div id=\"vc_row-69ea1a90e3c4c\" data-vc-full-width=\"true\" data-vc-full-width-init=\"false\" data-vc-stretch-content=\"true\" class=\"vc_row wpb_row vc_row-fluid thegem-custom-69ea1a90e3c3f6358 vc_row-o-equal-height vc_row-flex\"><script type=\"text\/javascript\">if (typeof(gem_fix_fullwidth_position) == \"function\") { gem_fix_fullwidth_position(document.getElementById(\"vc_row-69ea1a90e3c4c\")); }<\/script><div class=\"wpb_column vc_column_container vc_col-sm-3 thegem-custom-69ea1a90e3fab5909 vc_col-has-fill\" ><div class=\"vc_column-inner thegem-custom-inner-69ea1a90e3fad vc_custom_1668671480202\"><div class=\"wpb_wrapper thegem-custom-69ea1a90e3fab5909\"><div class=\"clearboth\"><\/div><style>#thegem-divider-69ea1a90e4041 {margin-top: 60px !important;}<\/style><div id=\"thegem-divider-69ea1a90e4041\" class=\"gem-divider\" style=\"\" ><\/div><div class=\"gem-image gem-wrapbox gem-wrapbox-style-default gem-interactions-enabled gem-wrapbox-position-below  thegem-custom-69ea1a90e40664410\" data-vertical_scroll_enable=\"yes\" data-vertical_scroll_speed=\"1\" data-horizontal_scroll_enable=\"yes\" data-horizontal_scroll_speed=\"1\" data-disable_effects_tablet=\"disable\" data-disable_effects_mobile=\"disable\"   style=\"\" ><div class=\"gem-wrapbox-inner\" ><img class=\"gem-wrapbox-element img-responsive\" src=\"https:\/\/aegis.com.tr\/wp-content\/uploads\/2022\/06\/Light-391-x-94.png\" alt=\"\"\/><\/div><\/div><div class=\"clearboth\"><\/div><style>#thegem-divider-69ea1a90e44eb {margin-top: 26px !important;}<\/style><div id=\"thegem-divider-69ea1a90e44eb\" class=\"gem-divider\" style=\"\" ><\/div>\r\n\t\r\n\t\t<div class=\"wpb_text_column wpb_content_element  thegem-vc-text thegem-custom-69ea1a90e46246184\"  >\r\n\t\t\t<div class=\"wpb_wrapper\">\r\n\t\t\t\t<p><span style=\"color: #ffffff;\">G\u00fcnl\u00fck ve uzun vadede sa\u011fl\u0131\u011f\u0131m\u0131z\u0131 ve performans\u0131m\u0131z\u0131 riske atan i\u00e7erikleri hari\u00e7 tutarak ihtiya\u00e7 duyulan, sa\u011fl\u0131kl\u0131 g\u00fc\u00e7lendirici ve dengeli bir i\u00e7ecek yapt\u0131k.<\/span><\/p>\n\r\n\t\t\t<\/div>\r\n\t\t\t<style>@media screen and (max-width: 1023px) {.thegem-vc-text.thegem-custom-69ea1a90e46246184{display: block!important;}}@media screen and (max-width: 767px) {.thegem-vc-text.thegem-custom-69ea1a90e46246184{display: block!important;}}@media screen and (max-width: 1023px) {.thegem-vc-text.thegem-custom-69ea1a90e46246184{position: relative !important;}}@media screen and (max-width: 767px) {.thegem-vc-text.thegem-custom-69ea1a90e46246184{position: relative !important;}}<\/style>\r\n\t\t<\/div>\r\n\t\r\n<div class=\"clearboth\"><\/div><style>#thegem-divider-69ea1a90e46b8 {margin-top: 80px !important;}<\/style><div id=\"thegem-divider-69ea1a90e46b8\" class=\"gem-divider\" style=\"\" ><\/div><\/div><\/div><\/div><div class=\"wpb_column vc_column_container vc_col-sm-3 thegem-custom-69ea1a90e49644702 vc_col-has-fill\" ><div class=\"vc_column-inner thegem-custom-inner-69ea1a90e4966 vc_custom_1668671562311\"><div class=\"wpb_wrapper thegem-custom-69ea1a90e49644702\"><div class=\"gem-textbox\"  ><div class=\"gem-textbox-inner\" style=\"\"><div class=\"gem-textbox-content\" style=\"background-color: #f9c04c;background-position: center top;\"><div class=\"gem-alert-box centered-box\"><div class=\"gem-alert-inner\"><div class=\"gem-alert-box-picture\"><div class=\"gem-icon gem-icon-pack-material gem-icon-size-medium  gem-icon-shape-square gem-simple-icon\"  style=\"opacity: 1;\"><div class=\"gem-icon-inner\" style=\"\"><span class=\"gem-icon-half-1\" style=\"color: #ffffff;\"><span class=\"back-angle\">&#xf477;<\/span><\/span><span class=\"gem-icon-half-2\" style=\"color: #ffffff;\"><span class=\"back-angle\">&#xf477;<\/span><\/span><\/div><\/div><\/div><div class=\"gem-alert-box-content\">\r\n\t\r\n\t\t<div class=\"wpb_text_column wpb_content_element  vc_custom_1669047240410 thegem-vc-text thegem-custom-69ea1a90e4d3f4461\"  >\r\n\t\t\t<div class=\"wpb_wrapper\">\r\n\t\t\t\t<div class=\"title-h4\" style=\"text-align: center;\"><span style=\"color: #112444;\">Telefon<\/span><\/div>\n\r\n\t\t\t<\/div>\r\n\t\t\t<style>@media screen and (max-width: 1023px) {.thegem-vc-text.thegem-custom-69ea1a90e4d3f4461{display: block!important;}}@media screen and (max-width: 767px) {.thegem-vc-text.thegem-custom-69ea1a90e4d3f4461{display: block!important;}}@media screen and (max-width: 1023px) {.thegem-vc-text.thegem-custom-69ea1a90e4d3f4461{position: relative !important;}}@media screen and (max-width: 767px) {.thegem-vc-text.thegem-custom-69ea1a90e4d3f4461{position: relative !important;}}<\/style>\r\n\t\t<\/div>\r\n\t\r\n<\/div><div class=\"gem-alert-box-buttons\"><style type=\"text\/css\">.thegem-button-69ea1a90e4ac08522 .gem-button svg {fill: #ffffff;}.thegem-button-69ea1a90e4ac08522 .gem-button:hover svg {fill: #112444;}<\/style><div class=\"gem-button-container gem-button-position-inline thegem-button-69ea1a90e4ac08522\"  ><a class=\"gem-button gem-button-size-medium gem-button-style-flat gem-button-text-weight-normal gem-button-icon-position-left\" data-ll-effect=\"drop-right-without-wrap\" style=\"border-radius: 3px;background-color: #112444;color: #ffffff;\" onmouseleave=\"this.style.backgroundColor='#112444';this.style.color='#ffffff';\" onmouseenter=\"this.style.backgroundColor='#ffffff';this.style.color='#112444';\" href=\"tel:+905307729266\" target=\"_self\"><i class=\"gem-print-icon gem-icon-pack-material\">&#xf217;<\/i>Kurumsal<\/a><\/div> <style type=\"text\/css\">.thegem-button-69ea1a90e4b477131 .gem-button svg {fill: #ffffff;}.thegem-button-69ea1a90e4b477131 .gem-button:hover svg {fill: #112444;}<\/style><div class=\"gem-button-container gem-button-position-inline thegem-button-69ea1a90e4b477131\"  ><a class=\"gem-button gem-button-size-medium gem-button-style-flat gem-button-text-weight-normal gem-button-icon-position-left\" data-ll-effect=\"drop-right-without-wrap\" style=\"border-radius: 3px;background-color: #112444;color: #ffffff;\" onmouseleave=\"this.style.backgroundColor='#112444';this.style.color='#ffffff';\" onmouseenter=\"this.style.backgroundColor='#ffffff';this.style.color='#112444';\" href=\"https:\/\/wa.me\/905441415575\" target=\"_self\"><i class=\"gem-print-icon gem-icon-pack-material\">&#xf2c3;<\/i>ORTADO\u011eU &amp; GCC \u0130HRACATI<\/a><\/div> <\/div><\/div><\/div><\/div><\/div><\/div><div class=\"clearboth\"><\/div><style>#thegem-divider-69ea1a90e4dea {margin-top: 30px !important;}<\/style><div id=\"thegem-divider-69ea1a90e4dea\" class=\"gem-divider\" style=\"\" ><\/div><\/div><\/div><\/div><div class=\"wpb_column vc_column_container vc_col-sm-3 thegem-custom-69ea1a90e50988669 vc_col-has-fill\" ><div class=\"vc_column-inner thegem-custom-inner-69ea1a90e509a vc_custom_1668671500500\"><div class=\"wpb_wrapper thegem-custom-69ea1a90e50988669\"><div class=\"gem-icon-with-text gem-icon-with-text-icon-size-medium centered-box\" ><div style=\"margin-bottom:0px;padding-top: 30px;padding-right: 1px;padding-bottom: 10px;margin-top:0px; \" class=\"gem-icon-with-text-icon\"><div class=\"gem-icon gem-icon-pack-material gem-icon-size-medium  gem-icon-shape-circle gem-simple-icon\"  style=\"opacity: 1;\"><div class=\"gem-icon-inner\" style=\"\"><span class=\"gem-icon-half-1\" style=\"color: #f9c04c;\"><span class=\"back-angle\">&#xf221;<\/span><\/span><span class=\"gem-icon-half-2\" style=\"color: #f9c04c;\"><span class=\"back-angle\">&#xf221;<\/span><\/span><\/div><\/div><\/div><div class=\"gem-icon-with-text-content\" ><div class=\"gem-icon-with-text-text\"><\/div><\/div><div class=\"clearboth\"><\/div><\/div>\r\n\t\r\n\t\t<div class=\"wpb_text_column wpb_content_element  vc_custom_1668671648669 thegem-vc-text thegem-custom-69ea1a90e52c36668\"  >\r\n\t\t\t<div class=\"wpb_wrapper\">\r\n\t\t\t\t<div class=\"title-h4\" style=\"text-align: center;\"><span style=\"color: #f9c04c;\"><span class=\"light\" style=\"color: #ffffff;\">A\u00e7\u0131l\u0131\u015f <\/span>Saatleri<\/span><\/div>\n\r\n\t\t\t<\/div>\r\n\t\t\t<style>@media screen and (max-width: 1023px) {.thegem-vc-text.thegem-custom-69ea1a90e52c36668{display: block!important;}}@media screen and (max-width: 767px) {.thegem-vc-text.thegem-custom-69ea1a90e52c36668{display: block!important;}}@media screen and (max-width: 1023px) {.thegem-vc-text.thegem-custom-69ea1a90e52c36668{position: relative !important;}}@media screen and (max-width: 767px) {.thegem-vc-text.thegem-custom-69ea1a90e52c36668{position: relative !important;}}<\/style>\r\n\t\t<\/div>\r\n\t\r\n<div class=\"clearboth\"><\/div><style>#thegem-divider-69ea1a90e535f {margin-top: 80px !important;}<\/style><div id=\"thegem-divider-69ea1a90e535f\" class=\"gem-divider\" style=\"\" ><\/div>\r\n\t\r\n\t\t<div class=\"wpb_text_column wpb_content_element  thegem-vc-text thegem-custom-69ea1a90e546f3297\"  >\r\n\t\t\t<div class=\"wpb_wrapper\">\r\n\t\t\t\t<p style=\"text-align: center;\"><span style=\"color: #ffffff;\">Pzt-Cum: 9:00 \u2013 18:00<\/span><\/p>\n\r\n\t\t\t<\/div>\r\n\t\t\t<style>@media screen and (max-width: 1023px) {.thegem-vc-text.thegem-custom-69ea1a90e546f3297{display: block!important;}}@media screen and (max-width: 767px) {.thegem-vc-text.thegem-custom-69ea1a90e546f3297{display: block!important;}}@media screen and (max-width: 1023px) {.thegem-vc-text.thegem-custom-69ea1a90e546f3297{position: relative !important;}}@media screen and (max-width: 767px) {.thegem-vc-text.thegem-custom-69ea1a90e546f3297{position: relative !important;}}<\/style>\r\n\t\t<\/div>\r\n\t\r\n<\/div><\/div><\/div><div class=\"wpb_column vc_column_container vc_col-sm-3 thegem-custom-69ea1a90e57626765 vc_col-has-fill\" ><div class=\"vc_column-inner thegem-custom-inner-69ea1a90e5764 vc_custom_1685563180578\"><div class=\"wpb_wrapper thegem-custom-69ea1a90e57626765\"><div class=\"gem-icon-with-text gem-icon-with-text-icon-size-medium centered-box\" ><div style=\"margin-bottom:0px;padding-top: 30px;padding-right: 1px;padding-bottom: 10px;margin-top:0px; \" class=\"gem-icon-with-text-icon\"><div class=\"gem-icon gem-icon-pack-fontawesome gem-icon-size-medium  gem-icon-shape-circle gem-simple-icon\"  style=\"opacity: 1;\"><div class=\"gem-icon-inner\" style=\"\"><span class=\"gem-icon-half-1\" style=\"color: #ffffff;\"><span class=\"back-angle\">&#xf232;<\/span><\/span><span class=\"gem-icon-half-2\" style=\"color: #ffffff;\"><span class=\"back-angle\">&#xf232;<\/span><\/span><\/div><\/div><\/div><div class=\"gem-icon-with-text-content\" ><div class=\"gem-icon-with-text-text\"><\/div><\/div><div class=\"clearboth\"><\/div><\/div>\r\n\t\r\n\t\t<div class=\"wpb_text_column wpb_content_element  vc_custom_1685563498691 thegem-vc-text thegem-custom-69ea1a90e598d2095\"  >\r\n\t\t\t<div class=\"wpb_wrapper\">\r\n\t\t\t\t<div class=\"title-h4\" style=\"text-align: center;\"><span style=\"color: #112444;\">WHATS APP<\/span><\/div>\n\r\n\t\t\t<\/div>\r\n\t\t\t<style>@media screen and (max-width: 1023px) {.thegem-vc-text.thegem-custom-69ea1a90e598d2095{display: block!important;}}@media screen and (max-width: 767px) {.thegem-vc-text.thegem-custom-69ea1a90e598d2095{display: block!important;}}@media screen and (max-width: 1023px) {.thegem-vc-text.thegem-custom-69ea1a90e598d2095{position: relative !important;}}@media screen and (max-width: 767px) {.thegem-vc-text.thegem-custom-69ea1a90e598d2095{position: relative !important;}}<\/style>\r\n\t\t<\/div>\r\n\t\r\n<div class=\"clearboth\"><\/div><style>#thegem-divider-69ea1a90e5a0e {margin-top: 80px !important;}<\/style><div id=\"thegem-divider-69ea1a90e5a0e\" class=\"gem-divider\" style=\"\" ><\/div>\r\n\t\r\n\t\t<div class=\"wpb_text_column wpb_content_element  thegem-vc-text thegem-custom-69ea1a90e5b043867\"  >\r\n\t\t\t<div class=\"wpb_wrapper\">\r\n\t\t\t\t<p style=\"text-align: center;\"><a href=\"https:\/\/wa.me\/905307729266\"><span style=\"color: #ffffff;\">+90 530 772 92 66<\/span><\/a><\/p>\n<p>&nbsp;<\/p>\n\r\n\t\t\t<\/div>\r\n\t\t\t<style>@media screen and (max-width: 1023px) {.thegem-vc-text.thegem-custom-69ea1a90e5b043867{display: block!important;}}@media screen and (max-width: 767px) {.thegem-vc-text.thegem-custom-69ea1a90e5b043867{display: block!important;}}@media screen and (max-width: 1023px) {.thegem-vc-text.thegem-custom-69ea1a90e5b043867{position: relative !important;}}@media screen and (max-width: 767px) {.thegem-vc-text.thegem-custom-69ea1a90e5b043867{position: relative !important;}}<\/style>\r\n\t\t<\/div>\r\n\t\r\n<\/div><\/div><\/div><\/div><div class=\"vc_row-full-width vc_clearfix\"><\/div>\n<\/div>","protected":false},"excerpt":{"rendered":"","protected":false},"author":1,"featured_media":0,"parent":0,"menu_order":5,"comment_status":"closed","ping_status":"closed","template":"","meta":{"footnotes":""},"class_list":["post-108","page","type-page","status-publish"],"_links":{"self":[{"href":"https:\/\/aegis.com.tr\/tr\/wp-json\/wp\/v2\/pages\/108","targetHints":{"allow":["GET"]}}],"collection":[{"href":"https:\/\/aegis.com.tr\/tr\/wp-json\/wp\/v2\/pages"}],"about":[{"href":"https:\/\/aegis.com.tr\/tr\/wp-json\/wp\/v2\/types\/page"}],"author":[{"embeddable":true,"href":"https:\/\/aegis.com.tr\/tr\/wp-json\/wp\/v2\/users\/1"}],"replies":[{"embeddable":true,"href":"https:\/\/aegis.com.tr\/tr\/wp-json\/wp\/v2\/comments?post=108"}],"version-history":[{"count":47,"href":"https:\/\/aegis.com.tr\/tr\/wp-json\/wp\/v2\/pages\/108\/revisions"}],"predecessor-version":[{"id":2193,"href":"https:\/\/aegis.com.tr\/tr\/wp-json\/wp\/v2\/pages\/108\/revisions\/2193"}],"wp:attachment":[{"href":"https:\/\/aegis.com.tr\/tr\/wp-json\/wp\/v2\/media?parent=108"}],"curies":[{"name":"wp","href":"https:\/\/api.w.org\/{rel}","templated":true}]}}