{"id":1866,"date":"2022-11-17T09:51:08","date_gmt":"2022-11-17T06:51:08","guid":{"rendered":"https:\/\/aegis.com.tr\/?page_id=1866"},"modified":"2023-01-06T11:02:45","modified_gmt":"2023-01-06T08:02:45","slug":"ingredients","status":"publish","type":"page","link":"https:\/\/aegis.com.tr\/tr\/about\/ingredients\/","title":{"rendered":"I\u00e7indekiler"},"content":{"rendered":"<div class=\"wpb-content-wrapper\"><div class=\"vc_row-full-width-before\"><\/div><div id=\"vc_row-69ea1abc4dde3\" data-vc-full-width=\"true\" data-vc-full-width-init=\"false\" data-vc-stretch-content=\"true\" class=\"vc_row wpb_row vc_row-fluid vc_custom_1587117544301 thegem-custom-69ea1abc4ddc65310 vc_row-no-padding vc_row-o-equal-height vc_row-o-content-middle vc_row-flex\"><script type=\"text\/javascript\">if (typeof(gem_fix_fullwidth_position) == \"function\") { gem_fix_fullwidth_position(document.getElementById(\"vc_row-69ea1abc4dde3\")); }<\/script><div class=\"wpb_column vc_column_container vc_col-sm-12 vc_col-lg-6 vc_col-md-12 vc_col-xs-12 thegem-custom-69ea1abc4e1909221 disable-custom-paggings-tablet disable-custom-paggings-mobile\" ><div class=\"vc_column-inner thegem-custom-inner-69ea1abc4e192 vc_custom_1554909805203\"><div class=\"wpb_wrapper thegem-custom-69ea1abc4e1909221\">\r\n\t\r\n\t\t<div class=\"wpb_text_column wpb_content_element  wpb_animate_when_almost_visible wpb_zoomInRight zoomInRight thegem-vc-text thegem-custom-69ea1abc4e55e3118\"  >\r\n\t\t\t<div class=\"wpb_wrapper\">\r\n\t\t\t\t<div class=\"title-h5\" style=\"text-align: left;\"><span style=\"color: #112444;\">Sa\u011fl\u0131kl\u0131 <\/span><span style=\"color: #112444;\">ya\u015fam\u0131n\u0131z\u0131 art\u0131r\u0131n<\/span><\/div>\n\r\n\t\t\t<\/div>\r\n\t\t\t<style>@media screen and (max-width: 1023px) {.thegem-vc-text.thegem-custom-69ea1abc4e55e3118{display: block!important;}}@media screen and (max-width: 767px) {.thegem-vc-text.thegem-custom-69ea1abc4e55e3118{display: block!important;}}@media screen and (max-width: 1023px) {.thegem-vc-text.thegem-custom-69ea1abc4e55e3118{position: relative !important;}}@media screen and (max-width: 767px) {.thegem-vc-text.thegem-custom-69ea1abc4e55e3118{position: relative !important;}}<\/style>\r\n\t\t<\/div>\r\n\t\r\n<div class=\"clearboth\"><\/div><style>#thegem-divider-69ea1abc4e625 {margin-top: -5px !important;}<\/style><div id=\"thegem-divider-69ea1abc4e625\" class=\"gem-divider\" style=\"\" ><\/div>\r\n\t\r\n\t\t<div class=\"wpb_text_column wpb_content_element  wpb_animate_when_almost_visible wpb_zoomInRight zoomInRight uppercase-disable thegem-vc-text thegem-custom-69ea1abc4e73e5976\"  >\r\n\t\t\t<div class=\"wpb_wrapper\">\r\n\t\t\t\t<div class=\"title-h1\" style=\"text-align: left;\"><span style=\"color: #ffffff;\"><span style=\"color: #00bcd4;\"><span style=\"color: #f9c04c;\">Haz\u0131r m\u0131s\u0131n?<\/span><\/span><\/span><\/div>\n\r\n\t\t\t<\/div>\r\n\t\t\t<style>@media screen and (max-width: 1023px) {.thegem-vc-text.thegem-custom-69ea1abc4e73e5976{display: block!important;}}@media screen and (max-width: 767px) {.thegem-vc-text.thegem-custom-69ea1abc4e73e5976{display: block!important;}}@media screen and (max-width: 1023px) {.thegem-vc-text.thegem-custom-69ea1abc4e73e5976{position: relative !important;}}@media screen and (max-width: 767px) {.thegem-vc-text.thegem-custom-69ea1abc4e73e5976{position: relative !important;}}<\/style>\r\n\t\t<\/div>\r\n\t\r\n<div class=\"clearboth\"><\/div><style>#thegem-divider-69ea1abc4e7cb {margin-top: 25px !important;}<\/style><div id=\"thegem-divider-69ea1abc4e7cb\" class=\"gem-divider\" style=\"\" ><\/div>\r\n\t\r\n\t\t<div class=\"wpb_text_column wpb_content_element  wpb_animate_when_almost_visible wpb_zoomIn zoomIn thegem-vc-text thegem-custom-69ea1abc4e8b95001\"  >\r\n\t\t\t<div class=\"wpb_wrapper\">\r\n\t\t\t\t<div class=\"styled-subtitle\" style=\"text-align: left;\">AEGIS, ferahlat\u0131c\u0131 bir sa\u011fl\u0131kl\u0131 ya\u015fam i\u00e7ece\u011fi sunmak i\u00e7in \u00f6zel olarak geli\u015ftirilmi\u015ftir. Guarana, Ginseng, Ginko Biloba gibi kronik durumlardan ve iltihaplanmadan iyile\u015fmeyi destekleyen do\u011fal bitkisel g\u00fc\u00e7lendiriciler ve antioksidanlar getirdik. G\u00fc\u00e7l\u00fc \u00f6zellikleri ve tad\u0131 tatland\u0131rmas\u0131 i\u00e7in Stevia. Enerji sentezi i\u00e7in suda \u00e7\u00f6z\u00fcn\u00fcr bir Vitamin kar\u0131\u015f\u0131m\u0131. Ya\u015flanma kar\u015f\u0131t\u0131 ve uzun \u00f6m\u00fcr i\u00e7in ya\u011fda \u00e7\u00f6z\u00fcnen antioksidanlar. AEGIS ile ger\u00e7ek potansiyelinizi a\u00e7\u0131\u011fa \u00e7\u0131kar\u0131n.<\/div>\n\r\n\t\t\t<\/div>\r\n\t\t\t<style>@media screen and (max-width: 1023px) {.thegem-vc-text.thegem-custom-69ea1abc4e8b95001{display: block!important;}}@media screen and (max-width: 767px) {.thegem-vc-text.thegem-custom-69ea1abc4e8b95001{display: block!important;}}@media screen and (max-width: 1023px) {.thegem-vc-text.thegem-custom-69ea1abc4e8b95001{position: relative !important;}}@media screen and (max-width: 767px) {.thegem-vc-text.thegem-custom-69ea1abc4e8b95001{position: relative !important;}}<\/style>\r\n\t\t<\/div>\r\n\t\r\n<\/div><\/div><\/div><div  data-mouse_effects=\"yes\" data-mouse_effects_direction=\"-1\" data-mouse_effects_speed=\"0.5\" data-disable_effects_tablet=\"disable\" data-disable_effects_mobile=\"disable\"  class=\"wpb_column vc_column_container vc_col-sm-12 vc_col-lg-6 vc_col-md-12 vc_col-xs-12 thegem-custom-69ea1abc4ec067285 vc_col-has-fill gem-interactions-enabled\" ><div class=\"vc_column-inner thegem-custom-inner-69ea1abc4ec09 vc_custom_1668669415067\"><div class=\"wpb_wrapper thegem-custom-69ea1abc4ec067285\"><\/div><\/div><\/div><div class=\"wpb_column vc_column_container vc_col-sm-12 thegem-custom-69ea1abc4eef87910\" ><div class=\"vc_column-inner thegem-custom-inner-69ea1abc4eefa\"><div class=\"wpb_wrapper thegem-custom-69ea1abc4eef87910\">\r\n\t\r\n\t\t<div class=\"wpb_text_column wpb_content_element  wpb_animate_when_almost_visible wpb_fadeInDown fadeInDown thegem-vc-text thegem-custom-69ea1abc4f0e71339\"  >\r\n\t\t\t<div class=\"wpb_wrapper\">\r\n\t\t\t\t<div class=\"title-h5\" style=\"text-align: center;\"><span style=\"color: #f9c04c;\">AEGIS<\/span><\/div>\n\r\n\t\t\t<\/div>\r\n\t\t\t<style>@media screen and (max-width: 1023px) {.thegem-vc-text.thegem-custom-69ea1abc4f0e71339{display: block!important;}}@media screen and (max-width: 767px) {.thegem-vc-text.thegem-custom-69ea1abc4f0e71339{display: block!important;}}@media screen and (max-width: 1023px) {.thegem-vc-text.thegem-custom-69ea1abc4f0e71339{position: relative !important;}}@media screen and (max-width: 767px) {.thegem-vc-text.thegem-custom-69ea1abc4f0e71339{position: relative !important;}}<\/style>\r\n\t\t<\/div>\r\n\t\r\n<div class=\"clearboth\"><\/div><style>#thegem-divider-69ea1abc4f19f {margin-top: -20px !important;}<\/style><div id=\"thegem-divider-69ea1abc4f19f\" class=\"gem-divider\" style=\"\" ><\/div>\r\n\t\r\n\t\t<div class=\"wpb_text_column wpb_content_element  wpb_animate_when_almost_visible wpb_fadeInDownBig fadeInDownBig uppercase-disable thegem-vc-text thegem-custom-69ea1abc4f32b1201\"  >\r\n\t\t\t<div class=\"wpb_wrapper\">\r\n\t\t\t\t<div class=\"title-h1\" style=\"text-align: center;\"><span style=\"color: #112444;\">I\u00e7indekiler<\/span><\/div>\n\r\n\t\t\t<\/div>\r\n\t\t\t<style>@media screen and (max-width: 1023px) {.thegem-vc-text.thegem-custom-69ea1abc4f32b1201{display: block!important;}}@media screen and (max-width: 767px) {.thegem-vc-text.thegem-custom-69ea1abc4f32b1201{display: block!important;}}@media screen and (max-width: 1023px) {.thegem-vc-text.thegem-custom-69ea1abc4f32b1201{position: relative !important;}}@media screen and (max-width: 767px) {.thegem-vc-text.thegem-custom-69ea1abc4f32b1201{position: relative !important;}}<\/style>\r\n\t\t<\/div>\r\n\t\r\n<div class=\"clearboth\"><\/div><style>#thegem-divider-69ea1abc4f3de {margin-top: 25px !important;}<\/style><div id=\"thegem-divider-69ea1abc4f3de\" class=\"gem-divider   gem-divider-style-2\" style=\"border-color: #112444;\" ><\/div><div class=\"gem-image gem-wrapbox gem-wrapbox-style-default gem-wrapbox-position-below  thegem-custom-69ea1abc4f4063210\"  style=\"\" ><div class=\"gem-wrapbox-inner\" ><img class=\"gem-wrapbox-element img-responsive\" src=\"http:\/\/aegis.com.tr\/wp-content\/uploads\/2022\/11\/AEGIS-Ingredients-infographic-turkish.png\" alt=\"\"\/><\/div><\/div><\/div><\/div><\/div><\/div><div class=\"vc_row-full-width vc_clearfix\"><\/div>\n<\/div>","protected":false},"excerpt":{"rendered":"","protected":false},"author":1,"featured_media":0,"parent":1288,"menu_order":1,"comment_status":"closed","ping_status":"closed","template":"","meta":{"footnotes":""},"class_list":["post-1866","page","type-page","status-publish"],"_links":{"self":[{"href":"https:\/\/aegis.com.tr\/tr\/wp-json\/wp\/v2\/pages\/1866","targetHints":{"allow":["GET"]}}],"collection":[{"href":"https:\/\/aegis.com.tr\/tr\/wp-json\/wp\/v2\/pages"}],"about":[{"href":"https:\/\/aegis.com.tr\/tr\/wp-json\/wp\/v2\/types\/page"}],"author":[{"embeddable":true,"href":"https:\/\/aegis.com.tr\/tr\/wp-json\/wp\/v2\/users\/1"}],"replies":[{"embeddable":true,"href":"https:\/\/aegis.com.tr\/tr\/wp-json\/wp\/v2\/comments?post=1866"}],"version-history":[{"count":12,"href":"https:\/\/aegis.com.tr\/tr\/wp-json\/wp\/v2\/pages\/1866\/revisions"}],"predecessor-version":[{"id":1935,"href":"https:\/\/aegis.com.tr\/tr\/wp-json\/wp\/v2\/pages\/1866\/revisions\/1935"}],"up":[{"embeddable":true,"href":"https:\/\/aegis.com.tr\/tr\/wp-json\/wp\/v2\/pages\/1288"}],"wp:attachment":[{"href":"https:\/\/aegis.com.tr\/tr\/wp-json\/wp\/v2\/media?parent=1866"}],"curies":[{"name":"wp","href":"https:\/\/api.w.org\/{rel}","templated":true}]}}