{"id":385,"date":"2022-06-05T09:37:57","date_gmt":"2022-06-05T06:37:57","guid":{"rendered":"http:\/\/codex-themes.com\/thegem\/sites\/thegym\/?page_id=385"},"modified":"2022-11-17T12:57:32","modified_gmt":"2022-11-17T09:57:32","slug":"athletes","status":"publish","type":"page","link":"https:\/\/aegis.com.tr\/tr\/about\/athletes\/","title":{"rendered":"Sporcular"},"content":{"rendered":"<div class=\"wpb-content-wrapper\"><div id=\"vc_row-69ea18751bba9\" class=\"vc_row wpb_row vc_row-fluid vc_custom_1586441996487 thegem-custom-69ea18751bb8a8959 vc_row-o-equal-height vc_row-flex\">\n<style>\n#vc_row-69ea18751bba9 .gem-team-style-2 .team-person{\n     padding-right: 40px;\n}\n#vc_row-69ea18751bba9 .gem-team-style-2 .team-person-name.title-h2 {\n    font-size: 24px;\n    line-height: 36px;\n}\n#vc_row-69ea18751bba9 .gem-team-style-2 .team-person-position{\n    font-size: 16px;\n    line-height: 24px;\n}\n#vc_row-69ea18751bba9 .gem-team-style-2 .team-person-phone {\n    font-size: 24px;\n    line-height: 36px;\n}\n#vc_row-69ea18751bba9 .gem-team-style-2 .team-person-email{\n    font-size: 14px;\n    line-height: 24px;\n}\n@media (min-width: 639px){\n    #vc_row-69ea18751bba9 .team-person-image{\n        margin-bottom: 0;\n    }\n}\n#vc_row-69ea18751bba9 .gem-quote {\n    margin-bottom: 42px;\n}\n<\/style>\n<div class=\"wpb_column vc_column_container vc_col-sm-12 thegem-custom-69ea18751bdf94718\" ><div class=\"vc_column-inner thegem-custom-inner-69ea18751bdfa\"><div class=\"wpb_wrapper thegem-custom-69ea18751bdf94718\">\r\n\t<div class=\"gem-interactions-enabled\"  data-mouse_effects=\"yes\" data-mouse_effects_direction=\"-1\" data-mouse_effects_speed=\"1\" data-disable_effects_tablet=\"disable\" data-disable_effects_mobile=\"disable\" ><div class=\"mouse-effects-container\">\r\n\t\t<div class=\"wpb_text_column wpb_content_element  thegem-vc-text thegem-custom-69ea18751c10b5384\"  >\r\n\t\t\t<div class=\"wpb_wrapper\">\r\n\t\t\t\t<div class=\"title-xlarge\" style=\"text-align: center;\"><span style=\"color: #112444;\">AEGIS <span style=\"color: #f9c04c;\">Sporcular<\/span><\/span><\/div>\n\r\n\t\t\t<\/div>\r\n\t\t\t<style>@media screen and (max-width: 1023px) {.thegem-vc-text.thegem-custom-69ea18751c10b5384{display: block!important;}}@media screen and (max-width: 767px) {.thegem-vc-text.thegem-custom-69ea18751c10b5384{display: block!important;}}@media screen and (max-width: 1023px) {.thegem-vc-text.thegem-custom-69ea18751c10b5384{position: relative !important;}}@media screen and (max-width: 767px) {.thegem-vc-text.thegem-custom-69ea18751c10b5384{position: relative !important;}}<\/style>\r\n\t\t<\/div>\r\n\t<\/div><\/div>\r\n<div class=\"clearboth\"><\/div><style>#thegem-divider-69ea18751c21c {margin-top: 80px !important;}<\/style><div id=\"thegem-divider-69ea18751c21c\" class=\"gem-divider\" style=\"\" ><\/div><\/div><\/div><\/div><div class=\"wpb_animate_when_almost_visible wpb_bounceInRight bounceInRight wpb_column vc_column_container vc_col-sm-12 vc_col-lg-6 thegem-custom-69ea18751c3518964\" ><div class=\"vc_column-inner thegem-custom-inner-69ea18751c352\"><div class=\"wpb_wrapper thegem-custom-69ea18751c3518964\"><div class=\"gem-team row inline-row gem-team-style-5\" data-hover-colors=\"{&quot;name_color&quot;:&quot;#112444&quot;,&quot;position_color&quot;:&quot;#f9c04c&quot;,&quot;image_border_color&quot;:&quot;#f4f6f7&quot;}\" > <div class=\"col-xs-12 inline-column\"> <div id=\"post-380\" class=\"team-person centered-box default-background post-380 thegem_team_person type-thegem_team_person status-publish has-post-thumbnail\" ><div class=\"team-person-hover\"> <div class=\"team-person-image\"> <span class=\"image-hover\" > <picture> <img src=\"https:\/\/aegis.com.tr\/wp-content\/uploads\/2022\/06\/meral-1-thegem-person.jpg\" width=\"400\" height=\"400\" class=\"img-responsive\" alt=\"meral\" \/> <\/picture> <\/span> <\/div> <div class=\"team-person-info\"> <div class=\"team-person-name title-h4\" style=\"color: #f9c04c\">MERAL TAN<\/div> <div class=\"team-person-position date-color\" style=\"color: #112444\">Ki\u015fisel Antren\u00f6r, spor mezunu, madalyal\u0131 maratoncu, fitness, Pilates ve yoga uzman\u0131<\/div> <div class=\"team-person-description\"><p>\u0130nsanlara ellerinden gelenin en iyisini yapmalar\u0131 i\u00e7in ko\u00e7luk yapmak ancak en iyi olmu\u015f ve olmaya devam eden ki\u015filer taraf\u0131ndan yap\u0131labilir. Meral, ulusal ve uluslararas\u0131 d\u00fczeyde e\u011fitim g\u00f6rm\u00fc\u015f ve \u00e7al\u0131\u015fmalar\u0131n\u0131 sa\u011fl\u0131k ve spor alan\u0131nda \u00fcst mevki ula\u015fmak i\u00e7in her alanda uygulam\u0131\u015ft\u0131r. Se\u00e7kin bir sa\u011fl\u0131k ve fitness ko\u00e7u, madalyal\u0131 maratoncu, Pilates ve yoga uzman\u0131.<\/p>\n<\/div> <\/div> <div class=\"socials team-person-socials socials-colored-hover\"><a style=\"color: #f9c04c\" title=\"Instagram\" target=\"_blank\" href=\"https:\/\/www.instagram.com\/coach_meral\/\" class=\"socials-item\"><i class=\"socials-item-icon social-item-rounded instagram\"><\/i><\/a><\/div>\t<\/div><\/div> <\/div> <div class=\"col-xs-12 inline-column\"> <div id=\"post-1739\" class=\"team-person centered-box default-background post-1739 thegem_team_person type-thegem_team_person status-publish has-post-thumbnail\" ><div class=\"team-person-hover\"> <div class=\"team-person-image\"> <span class=\"image-hover\" > <picture> <img src=\"https:\/\/aegis.com.tr\/wp-content\/uploads\/2022\/06\/ismail-1-thegem-person.jpg\" width=\"400\" height=\"400\" class=\"img-responsive\" alt=\"aegis fit trainer - ismail\" \/> <\/picture> <\/span> <\/div> <div class=\"team-person-info\"> <div class=\"team-person-name title-h4\" style=\"color: #f9c04c\">\u0130smail \u00d6zg\u00fcr<\/div> <div class=\"team-person-position date-color\" style=\"color: #112444\">Dayan\u0131kl\u0131l\u0131k Antren\u00f6r\u00fc, milli tak\u0131m ve Galatasaray tak\u0131m\u0131 k\u00fcrek \u015fampiyonu<\/div> <div class=\"team-person-description\"><p>Spor tutkunu ve uzman\u0131 \u0130smail, T\u00fcrkiye'yi ve Galatasaray K\u00fcrek Tak\u0131m\u0131n\u0131 temsil etti, alan\u0131nda zirveye ula\u015ft\u0131, \u015fimdi onun sa\u011fl\u0131k ve spor alan\u0131ndaki deneyim ve bilgisinden yararlanma ayr\u0131cal\u0131\u011f\u0131 se\u00e7kin \u00f6\u011frencilerine ula\u015f\u0131yor.<\/p>\n<\/div> <\/div> <div class=\"socials team-person-socials socials-colored-hover\"><a style=\"color: #f9c04c\" title=\"Instagram\" target=\"_blank\" href=\"https:\/\/www.instagram.com\/isozgur\/\" class=\"socials-item\"><i class=\"socials-item-icon social-item-rounded instagram\"><\/i><\/a><\/div>\t<\/div><\/div> <\/div> <\/div><\/div><\/div><\/div><div class=\"wpb_animate_when_almost_visible wpb_bounceInLeft bounceInLeft wpb_column vc_column_container vc_col-sm-12 vc_col-lg-6 thegem-custom-69ea18751dcfd7848\" ><div class=\"vc_column-inner thegem-custom-inner-69ea18751dcff\"><div class=\"wpb_wrapper thegem-custom-69ea18751dcfd7848\"><div class=\"gem-team row inline-row gem-team-style-5\" data-hover-colors=\"{&quot;name_color&quot;:&quot;#112444&quot;,&quot;position_color&quot;:&quot;#f9c04c&quot;,&quot;image_border_color&quot;:&quot;#f4f6f7&quot;}\" > <div class=\"col-xs-12 inline-column\"> <div id=\"post-403\" class=\"team-person centered-box default-background post-403 thegem_team_person type-thegem_team_person status-publish has-post-thumbnail\" ><div class=\"team-person-hover\"> <div class=\"team-person-image\"> <span class=\"image-hover\" > <picture> <img src=\"https:\/\/aegis.com.tr\/wp-content\/uploads\/2022\/06\/ibrahim-1-thegem-person.jpg\" width=\"400\" height=\"400\" class=\"img-responsive\" alt=\"aegis fit trainer - ibrahim\" \/> <\/picture> <\/span> <\/div> <div class=\"team-person-info\"> <div class=\"team-person-name title-h4\" style=\"color: #f9c04c\">\u0130brahim Giydirir<\/div> <div class=\"team-person-position date-color\" style=\"color: #112444\">D\u00f6v\u00fc\u015f Sanat\u00e7\u0131s\u0131, Muay Thai ve Kickboks uluslararas\u0131 \u015fampiyonu ve alt\u0131n madalya sahibi<\/div> <div class=\"team-person-description\"><p>Ger\u00e7ek bir d\u00f6v\u00fc\u015f sanat\u00e7\u0131s\u0131 amans\u0131z bir bireydir, Muay Thai'de ulusal ve uluslararas\u0131 \u015fampiyon ve kickboks \u0130brahim uzman bir d\u00f6v\u00fc\u015f sanat\u00e7\u0131s\u0131d\u0131r, profesyonel hedeflerini ger\u00e7ekle\u015ftirdikten sonra 'k\u0131r\u0131lmaz felsefeyi' \u00f6\u011frencisine ve taraftar yayma misyonunu ger\u00e7ekle\u015ftirmi\u015ftir. Round House Fight Club Kul\u00fcb\u00fcnde zihinsel ve d\u00f6v\u00fc\u015f sanat\u0131 tekniklerini \u00f6\u011freterek.<\/p>\n<\/div> <\/div> <div class=\"socials team-person-socials socials-colored-hover\"><a style=\"color: #f9c04c\" title=\"Instagram\" target=\"_blank\" href=\"https:\/\/www.instagram.com\/ibrahimgiydirir\/\" class=\"socials-item\"><i class=\"socials-item-icon social-item-rounded instagram\"><\/i><\/a><\/div>\t<\/div><\/div> <\/div> <\/div><\/div><\/div><\/div><\/div><div id=\"vc_row-69ea18751f1e6\" class=\"vc_row wpb_row vc_row-fluid vc_custom_1586442211656 thegem-custom-69ea18751f1d35922 vc_row-o-equal-height vc_row-flex\">\n<style>\n#vc_row-69ea18751f1e6 .gem-team-style-2 .team-person{\n     padding-right: 40px;\n}\n#vc_row-69ea18751f1e6 .gem-team-style-2 .team-person-name.title-h2 {\n    font-size: 24px;\n    line-height: 36px;\n}\n#vc_row-69ea18751f1e6 .gem-team-style-2 .team-person-position{\n    font-size: 16px;\n    line-height: 24px;\n}\n#vc_row-69ea18751f1e6 .gem-team-style-2 .team-person-phone {\n    font-size: 24px;\n    line-height: 36px;\n}\n#vc_row-69ea18751f1e6 .gem-team-style-2 .team-person-email{\n    font-size: 14px;\n    line-height: 24px;\n}\n@media (min-width: 639px){\n    #vc_row-69ea18751f1e6 .team-person-image{\n        margin-bottom: 0;\n    }\n}\n#vc_row-69ea18751f1e6 .gem-quote {\n    margin-bottom: 42px;\n}\n<\/style>\n<div class=\"wpb_column vc_column_container vc_col-sm-12 thegem-custom-69ea18751f3792379\" ><div class=\"vc_column-inner thegem-custom-inner-69ea18751f37b\"><div class=\"wpb_wrapper thegem-custom-69ea18751f3792379\"><div class=\"clearboth\"><\/div><style>#thegem-divider-69ea18751f465 {margin-top: 60px !important;}<\/style><div id=\"thegem-divider-69ea18751f465\" class=\"gem-divider\" style=\"\" ><\/div><\/div><\/div><\/div><\/div>\n<\/div>","protected":false},"excerpt":{"rendered":"","protected":false},"author":1,"featured_media":0,"parent":1288,"menu_order":1,"comment_status":"closed","ping_status":"closed","template":"","meta":{"footnotes":""},"class_list":["post-385","page","type-page","status-publish"],"_links":{"self":[{"href":"https:\/\/aegis.com.tr\/tr\/wp-json\/wp\/v2\/pages\/385","targetHints":{"allow":["GET"]}}],"collection":[{"href":"https:\/\/aegis.com.tr\/tr\/wp-json\/wp\/v2\/pages"}],"about":[{"href":"https:\/\/aegis.com.tr\/tr\/wp-json\/wp\/v2\/types\/page"}],"author":[{"embeddable":true,"href":"https:\/\/aegis.com.tr\/tr\/wp-json\/wp\/v2\/users\/1"}],"replies":[{"embeddable":true,"href":"https:\/\/aegis.com.tr\/tr\/wp-json\/wp\/v2\/comments?post=385"}],"version-history":[{"count":17,"href":"https:\/\/aegis.com.tr\/tr\/wp-json\/wp\/v2\/pages\/385\/revisions"}],"predecessor-version":[{"id":1853,"href":"https:\/\/aegis.com.tr\/tr\/wp-json\/wp\/v2\/pages\/385\/revisions\/1853"}],"up":[{"embeddable":true,"href":"https:\/\/aegis.com.tr\/tr\/wp-json\/wp\/v2\/pages\/1288"}],"wp:attachment":[{"href":"https:\/\/aegis.com.tr\/tr\/wp-json\/wp\/v2\/media?parent=385"}],"curies":[{"name":"wp","href":"https:\/\/api.w.org\/{rel}","templated":true}]}}